{"id":997,"date":"2020-05-26T14:35:44","date_gmt":"2020-05-26T13:35:44","guid":{"rendered":"https:\/\/backbone.pro\/?page_id=997"},"modified":"2023-03-09T11:01:11","modified_gmt":"2023-03-09T10:01:11","slug":"contact","status":"publish","type":"page","link":"https:\/\/backbone.pro\/fr\/contact\/","title":{"rendered":"Contact"},"content":{"rendered":"\t\t<div data-elementor-type=\"wp-page\" data-elementor-id=\"997\" class=\"elementor elementor-997 elementor-19\" data-elementor-post-type=\"page\">\n\t\t\t\t\t\t<section class=\"elementor-section elementor-top-section elementor-element elementor-element-4444b35 elementor-section-full_width elementor-section-height-min-height elementor-section-height-default elementor-section-items-middle\" data-id=\"4444b35\" data-element_type=\"section\" data-e-type=\"section\">\n\t\t\t\t\t\t<div class=\"elementor-container elementor-column-gap-default\">\n\t\t\t\t\t<div class=\"elementor-column elementor-col-50 elementor-top-column elementor-element elementor-element-5c45ef0 col-contact elementor-invisible\" data-id=\"5c45ef0\" data-element_type=\"column\" data-e-type=\"column\" data-settings=\"{&quot;animation&quot;:&quot;slideInUp&quot;,&quot;animation_mobile&quot;:&quot;none&quot;}\">\n\t\t\t<div class=\"elementor-widget-wrap elementor-element-populated\">\n\t\t\t\t\t\t<div class=\"elementor-element elementor-element-54354c1 elementor-widget elementor-widget-heading\" data-id=\"54354c1\" data-element_type=\"widget\" data-e-type=\"widget\" data-widget_type=\"heading.default\">\n\t\t\t\t<div class=\"elementor-widget-container\">\n\t\t\t\t\t<h1 class=\"elementor-heading-title elementor-size-default\">Contactez nous<\/h1>\t\t\t\t<\/div>\n\t\t\t\t<\/div>\n\t\t\t\t<div class=\"elementor-element elementor-element-cbaeafe elementor-widget-divider--view-line elementor-widget elementor-widget-divider\" data-id=\"cbaeafe\" data-element_type=\"widget\" data-e-type=\"widget\" data-widget_type=\"divider.default\">\n\t\t\t\t<div class=\"elementor-widget-container\">\n\t\t\t\t\t\t\t<div class=\"elementor-divider\">\n\t\t\t<span class=\"elementor-divider-separator\">\n\t\t\t\t\t\t<\/span>\n\t\t<\/div>\n\t\t\t\t\t\t<\/div>\n\t\t\t\t<\/div>\n\t\t\t\t<div class=\"elementor-element elementor-element-e9cab97 elementor-button-align-center form-contact elementor-widget elementor-widget-form\" data-id=\"e9cab97\" data-element_type=\"widget\" data-e-type=\"widget\" data-settings=\"{&quot;step_next_label&quot;:&quot;Suivant&quot;,&quot;step_previous_label&quot;:&quot;Pr\\u00e9c\\u00e9dent&quot;,&quot;button_width&quot;:&quot;100&quot;,&quot;step_type&quot;:&quot;number_text&quot;,&quot;step_icon_shape&quot;:&quot;circle&quot;}\" data-widget_type=\"form.default\">\n\t\t\t\t<div class=\"elementor-widget-container\">\n\t\t\t\t\t\t\t<form class=\"elementor-form\" method=\"post\" name=\"New Form\" aria-label=\"New Form\">\n\t\t\t<input type=\"hidden\" name=\"post_id\" value=\"997\"\/>\n\t\t\t<input type=\"hidden\" name=\"form_id\" value=\"e9cab97\"\/>\n\t\t\t<input type=\"hidden\" name=\"referer_title\" value=\"Contact - BACKBONE\" \/>\n\n\t\t\t\t\t\t\t<input type=\"hidden\" name=\"queried_id\" value=\"997\"\/>\n\t\t\t\n\t\t\t<div class=\"elementor-form-fields-wrapper elementor-labels-\">\n\t\t\t\t\t\t\t\t<div class=\"elementor-field-type-text elementor-field-group elementor-column elementor-field-group-name elementor-col-50 elementor-field-required\">\n\t\t\t\t\t\t\t\t\t\t\t\t<label for=\"form-field-name\" class=\"elementor-field-label elementor-screen-only\">\n\t\t\t\t\t\t\t\tNom\t\t\t\t\t\t\t<\/label>\n\t\t\t\t\t\t\t\t\t\t\t\t\t\t<input size=\"1\" type=\"text\" name=\"form_fields[name]\" id=\"form-field-name\" class=\"elementor-field elementor-size-sm  elementor-field-textual\" placeholder=\"Nom*\" required=\"required\">\n\t\t\t\t\t\t\t\t\t\t\t<\/div>\n\t\t\t\t\t\t\t\t<div class=\"elementor-field-type-text elementor-field-group elementor-column elementor-field-group-field_1 elementor-col-50 elementor-field-required\">\n\t\t\t\t\t\t\t\t\t\t\t\t<label for=\"form-field-field_1\" class=\"elementor-field-label elementor-screen-only\">\n\t\t\t\t\t\t\t\tPr\u00e9nom\t\t\t\t\t\t\t<\/label>\n\t\t\t\t\t\t\t\t\t\t\t\t\t\t<input size=\"1\" type=\"text\" name=\"form_fields[field_1]\" id=\"form-field-field_1\" class=\"elementor-field elementor-size-sm  elementor-field-textual\" placeholder=\"Pr\u00e9nom*\" required=\"required\">\n\t\t\t\t\t\t\t\t\t\t\t<\/div>\n\t\t\t\t\t\t\t\t<div class=\"elementor-field-type-tel elementor-field-group elementor-column elementor-field-group-field_2 elementor-col-50 elementor-field-required\">\n\t\t\t\t\t\t\t\t\t\t\t\t<label for=\"form-field-field_2\" class=\"elementor-field-label elementor-screen-only\">\n\t\t\t\t\t\t\t\tT\u00e9l\u00e9phone*\t\t\t\t\t\t\t<\/label>\n\t\t\t\t\t\t\t\t<input size=\"1\" type=\"tel\" name=\"form_fields[field_2]\" id=\"form-field-field_2\" class=\"elementor-field elementor-size-sm  elementor-field-textual\" placeholder=\"T\u00e9l\u00e9phone*\" required=\"required\" pattern=\"[0-9()#&amp;+*-=.]+\" title=\"Seuls les caract\u00e8res de num\u00e9ros de t\u00e9l\u00e9phone (#, -, *, etc.) sont accept\u00e9s.\">\n\n\t\t\t\t\t\t<\/div>\n\t\t\t\t\t\t\t\t<div class=\"elementor-field-type-email elementor-field-group elementor-column elementor-field-group-email elementor-col-50 elementor-field-required\">\n\t\t\t\t\t\t\t\t\t\t\t\t<label for=\"form-field-email\" class=\"elementor-field-label elementor-screen-only\">\n\t\t\t\t\t\t\t\tEmail*\t\t\t\t\t\t\t<\/label>\n\t\t\t\t\t\t\t\t\t\t\t\t\t\t<input size=\"1\" type=\"email\" name=\"form_fields[email]\" id=\"form-field-email\" class=\"elementor-field elementor-size-sm  elementor-field-textual\" placeholder=\"Email*\" required=\"required\">\n\t\t\t\t\t\t\t\t\t\t\t<\/div>\n\t\t\t\t\t\t\t\t<div class=\"elementor-field-type-textarea elementor-field-group elementor-column elementor-field-group-message elementor-col-100\">\n\t\t\t\t\t\t\t\t\t\t\t\t<label for=\"form-field-message\" class=\"elementor-field-label elementor-screen-only\">\n\t\t\t\t\t\t\t\tMessage\t\t\t\t\t\t\t<\/label>\n\t\t\t\t\t\t<textarea class=\"elementor-field-textual elementor-field  elementor-size-sm\" name=\"form_fields[message]\" id=\"form-field-message\" rows=\"8\" placeholder=\"Message\"><\/textarea>\t\t\t\t<\/div>\n\t\t\t\t\t\t\t\t<div class=\"elementor-field-type-acceptance elementor-field-group elementor-column elementor-field-group-field_4 elementor-col-100 elementor-field-required\">\n\t\t\t\t\t\t\t<div class=\"elementor-field-subgroup\">\n\t\t\t<span class=\"elementor-field-option\">\n\t\t\t\t<input type=\"checkbox\" name=\"form_fields[field_4]\" id=\"form-field-field_4\" class=\"elementor-field elementor-size-sm  elementor-acceptance-field\" required=\"required\">\n\t\t\t\t<label for=\"form-field-field_4\"><span class=\"rgpd\">En soumettant ce formulaire j\u2019accepte que les informations saisies soient exploit\u00e9es par le service client BACKBONE dans le cadre de ma demande et de la relation commerciale qui peut en d\u00e9couler.<\/span><\/label>\t\t\t<\/span>\n\t\t<\/div>\n\t\t\t\t\t\t<\/div>\n\t\t\t\t\t\t\t\t<div class=\"elementor-field-group elementor-column elementor-field-type-submit elementor-col-100 e-form__buttons\">\n\t\t\t\t\t<button class=\"elementor-button elementor-size-sm\" type=\"submit\">\n\t\t\t\t\t\t<span class=\"elementor-button-content-wrapper\">\n\t\t\t\t\t\t\t\t\t\t\t\t\t\t\t\t\t\t\t\t\t\t<span class=\"elementor-button-text\">Envoyer<\/span>\n\t\t\t\t\t\t\t\t\t\t\t\t\t<\/span>\n\t\t\t\t\t<\/button>\n\t\t\t\t<\/div>\n\t\t\t<\/div>\n\t\t<\/form>\n\t\t\t\t\t\t<\/div>\n\t\t\t\t<\/div>\n\t\t\t\t\t<\/div>\n\t\t<\/div>\n\t\t\t\t<div class=\"elementor-column elementor-col-50 elementor-top-column elementor-element elementor-element-cb9f6ba col-contact elementor-invisible\" data-id=\"cb9f6ba\" data-element_type=\"column\" data-e-type=\"column\" data-settings=\"{&quot;background_background&quot;:&quot;classic&quot;,&quot;animation&quot;:&quot;slideInDown&quot;,&quot;animation_mobile&quot;:&quot;none&quot;}\">\n\t\t\t<div class=\"elementor-widget-wrap elementor-element-populated\">\n\t\t\t\t\t\t<div class=\"elementor-element elementor-element-ceecdad elementor-position-top elementor-widget elementor-widget-image-box\" data-id=\"ceecdad\" data-element_type=\"widget\" data-e-type=\"widget\" data-widget_type=\"image-box.default\">\n\t\t\t\t<div class=\"elementor-widget-container\">\n\t\t\t\t\t<div class=\"elementor-image-box-wrapper\"><figure class=\"elementor-image-box-img\"><img decoding=\"async\" width=\"47\" height=\"66\" data-src=\"https:\/\/backbone.pro\/wp-content\/uploads\/2020\/03\/icone-map.png\" class=\"attachment-full size-full wp-image-140 lazyload\" alt=\"\" src=\"data:image\/svg+xml;base64,PHN2ZyB3aWR0aD0iMSIgaGVpZ2h0PSIxIiB4bWxucz0iaHR0cDovL3d3dy53My5vcmcvMjAwMC9zdmciPjwvc3ZnPg==\" style=\"--smush-placeholder-width: 47px; --smush-placeholder-aspect-ratio: 47\/66;\" \/><\/figure><div class=\"elementor-image-box-content\"><p class=\"elementor-image-box-description\">BACKBONE<br \/>\n81 Boulevard Pierre 1er<br \/>\nLe Bouscat 33110 <br \/>\nFRANCE<\/p><\/div><\/div>\t\t\t\t<\/div>\n\t\t\t\t<\/div>\n\t\t\t\t<div class=\"elementor-element elementor-element-100cb13 footer-link elementor-position-top elementor-widget elementor-widget-image-box\" data-id=\"100cb13\" data-element_type=\"widget\" data-e-type=\"widget\" data-widget_type=\"image-box.default\">\n\t\t\t\t<div class=\"elementor-widget-container\">\n\t\t\t\t\t<div class=\"elementor-image-box-wrapper\"><figure class=\"elementor-image-box-img\"><img decoding=\"async\" width=\"63\" height=\"49\" data-src=\"https:\/\/backbone.pro\/wp-content\/uploads\/2020\/03\/icone-mail.png\" class=\"attachment-full size-full wp-image-135 lazyload\" alt=\"icone-mail\" src=\"data:image\/svg+xml;base64,PHN2ZyB3aWR0aD0iMSIgaGVpZ2h0PSIxIiB4bWxucz0iaHR0cDovL3d3dy53My5vcmcvMjAwMC9zdmciPjwvc3ZnPg==\" style=\"--smush-placeholder-width: 63px; --smush-placeholder-aspect-ratio: 63\/49;\" \/><\/figure><div class=\"elementor-image-box-content\"><p class=\"elementor-image-box-description\"><a href=\"mailto:contact@backbone.pro\">contact@backbone.pro<\/a><\/p><\/div><\/div>\t\t\t\t<\/div>\n\t\t\t\t<\/div>\n\t\t\t\t\t<\/div>\n\t\t<\/div>\n\t\t\t\t\t<\/div>\n\t\t<\/section>\n\t\t\t\t<section class=\"elementor-section elementor-top-section elementor-element elementor-element-dac80f3 elementor-section-full_width elementor-section-height-default elementor-section-height-default\" data-id=\"dac80f3\" data-element_type=\"section\" data-e-type=\"section\">\n\t\t\t\t\t\t<div class=\"elementor-container elementor-column-gap-default\">\n\t\t\t\t\t<div class=\"elementor-column elementor-col-100 elementor-top-column elementor-element elementor-element-95cf7d6\" data-id=\"95cf7d6\" data-element_type=\"column\" data-e-type=\"column\">\n\t\t\t<div class=\"elementor-widget-wrap elementor-element-populated\">\n\t\t\t\t\t\t<div class=\"elementor-element elementor-element-06776f7 elementor-widget elementor-widget-google_maps\" data-id=\"06776f7\" data-element_type=\"widget\" data-e-type=\"widget\" data-widget_type=\"google_maps.default\">\n\t\t\t\t<div class=\"elementor-widget-container\">\n\t\t\t\t\t\t\t<div class=\"elementor-custom-embed\">\n\t\t\t<iframe\n\t\t\t\t\tdata-src=\"https:\/\/maps.google.com\/maps?q=81%2C%20Boulevard%20Pierre%201er%20%2033110%20LE%20BOUSCAT%20-%20France%E2%80%8B&#038;t=m&#038;z=14&#038;output=embed&#038;iwloc=near\"\n\t\t\t\t\ttitle=\"81, Boulevard Pierre 1er  33110 LE BOUSCAT - France\u200b\"\n\t\t\t\t\taria-label=\"81, Boulevard Pierre 1er  33110 LE BOUSCAT - France\u200b\"\n\t\t\t src=\"data:image\/svg+xml;base64,PHN2ZyB3aWR0aD0iMSIgaGVpZ2h0PSIxIiB4bWxucz0iaHR0cDovL3d3dy53My5vcmcvMjAwMC9zdmciPjwvc3ZnPg==\" class=\"lazyload\" data-load-mode=\"1\"><\/iframe>\n\t\t<\/div>\n\t\t\t\t\t\t<\/div>\n\t\t\t\t<\/div>\n\t\t\t\t\t<\/div>\n\t\t<\/div>\n\t\t\t\t\t<\/div>\n\t\t<\/section>\n\t\t\t\t<\/div>\n\t\t","protected":false},"excerpt":{"rendered":"<p>Contactez nous BACKBONE 81 Boulevard Pierre 1er Le Bouscat 33110 FRANCE contact@backbone.pro<\/p>\n","protected":false},"author":1,"featured_media":0,"parent":0,"menu_order":0,"comment_status":"closed","ping_status":"closed","template":"","meta":{"site-sidebar-layout":"no-sidebar","site-content-layout":"page-builder","ast-site-content-layout":"default","site-content-style":"default","site-sidebar-style":"default","ast-global-header-display":"","ast-banner-title-visibility":"","ast-main-header-display":"","ast-hfb-above-header-display":"","ast-hfb-below-header-display":"","ast-hfb-mobile-header-display":"","site-post-title":"disabled","ast-breadcrumbs-content":"","ast-featured-img":"disabled","footer-sml-layout":"","ast-disable-related-posts":"","theme-transparent-header-meta":"default","adv-header-id-meta":"","stick-header-meta":"","header-above-stick-meta":"","header-main-stick-meta":"","header-below-stick-meta":"","astra-migrate-meta-layouts":"default","ast-page-background-enabled":"default","ast-page-background-meta":{"desktop":{"background-color":"","background-image":"","background-repeat":"repeat","background-position":"center center","background-size":"auto","background-attachment":"scroll","background-type":"","background-media":"","overlay-type":"","overlay-color":"","overlay-opacity":"","overlay-gradient":""},"tablet":{"background-color":"","background-image":"","background-repeat":"repeat","background-position":"center center","background-size":"auto","background-attachment":"scroll","background-type":"","background-media":"","overlay-type":"","overlay-color":"","overlay-opacity":"","overlay-gradient":""},"mobile":{"background-color":"","background-image":"","background-repeat":"repeat","background-position":"center center","background-size":"auto","background-attachment":"scroll","background-type":"","background-media":"","overlay-type":"","overlay-color":"","overlay-opacity":"","overlay-gradient":""}},"ast-content-background-meta":{"desktop":{"background-color":"var(--ast-global-color-5)","background-image":"","background-repeat":"repeat","background-position":"center center","background-size":"auto","background-attachment":"scroll","background-type":"","background-media":"","overlay-type":"","overlay-color":"","overlay-opacity":"","overlay-gradient":""},"tablet":{"background-color":"var(--ast-global-color-5)","background-image":"","background-repeat":"repeat","background-position":"center center","background-size":"auto","background-attachment":"scroll","background-type":"","background-media":"","overlay-type":"","overlay-color":"","overlay-opacity":"","overlay-gradient":""},"mobile":{"background-color":"var(--ast-global-color-5)","background-image":"","background-repeat":"repeat","background-position":"center center","background-size":"auto","background-attachment":"scroll","background-type":"","background-media":"","overlay-type":"","overlay-color":"","overlay-opacity":"","overlay-gradient":""}},"footnotes":""},"class_list":["post-997","page","type-page","status-publish","hentry"],"yoast_head":"<!-- This site is optimized with the Yoast SEO plugin v27.2 - https:\/\/yoast.com\/product\/yoast-seo-wordpress\/ -->\n<title>Contact - BACKBONE<\/title>\n<meta name=\"robots\" content=\"index, follow, max-snippet:-1, max-image-preview:large, max-video-preview:-1\" \/>\n<link rel=\"canonical\" href=\"https:\/\/backbone.pro\/contact\/\" \/>\n<meta property=\"og:locale\" content=\"fr_FR\" \/>\n<meta property=\"og:type\" content=\"article\" \/>\n<meta property=\"og:title\" content=\"Contact - BACKBONE\" \/>\n<meta property=\"og:description\" content=\"Contactez nous BACKBONE 81 Boulevard Pierre 1er Le Bouscat 33110 FRANCE contact@backbone.pro\" \/>\n<meta property=\"og:url\" content=\"https:\/\/backbone.pro\/contact\/\" \/>\n<meta property=\"og:site_name\" content=\"BACKBONE\" \/>\n<meta property=\"article:modified_time\" content=\"2023-03-09T10:01:11+00:00\" \/>\n<meta property=\"og:image\" content=\"https:\/\/backbone.pro\/wp-content\/uploads\/2020\/03\/icone-map.png\" \/>\n<meta name=\"twitter:card\" content=\"summary_large_image\" \/>\n<meta name=\"twitter:label1\" content=\"Dur\u00e9e de lecture estim\u00e9e\" \/>\n\t<meta name=\"twitter:data1\" content=\"1 minute\" \/>\n<script type=\"application\/ld+json\" class=\"yoast-schema-graph\">{\"@context\":\"https:\/\/schema.org\",\"@graph\":[{\"@type\":\"WebPage\",\"@id\":\"https:\/\/backbone.pro\/contact\/\",\"url\":\"https:\/\/backbone.pro\/contact\/\",\"name\":\"Contact - BACKBONE\",\"isPartOf\":{\"@id\":\"https:\/\/backbone.pro\/#website\"},\"primaryImageOfPage\":{\"@id\":\"https:\/\/backbone.pro\/contact\/#primaryimage\"},\"image\":{\"@id\":\"https:\/\/backbone.pro\/contact\/#primaryimage\"},\"thumbnailUrl\":\"https:\/\/backbone.pro\/wp-content\/uploads\/2020\/03\/icone-map.png\",\"datePublished\":\"2020-05-26T13:35:44+00:00\",\"dateModified\":\"2023-03-09T10:01:11+00:00\",\"breadcrumb\":{\"@id\":\"https:\/\/backbone.pro\/contact\/#breadcrumb\"},\"inLanguage\":\"fr-FR\",\"potentialAction\":[{\"@type\":\"ReadAction\",\"target\":[\"https:\/\/backbone.pro\/contact\/\"]}]},{\"@type\":\"ImageObject\",\"inLanguage\":\"fr-FR\",\"@id\":\"https:\/\/backbone.pro\/contact\/#primaryimage\",\"url\":\"https:\/\/backbone.pro\/wp-content\/uploads\/2020\/03\/icone-map.png\",\"contentUrl\":\"https:\/\/backbone.pro\/wp-content\/uploads\/2020\/03\/icone-map.png\"},{\"@type\":\"BreadcrumbList\",\"@id\":\"https:\/\/backbone.pro\/contact\/#breadcrumb\",\"itemListElement\":[{\"@type\":\"ListItem\",\"position\":1,\"name\":\"Home\",\"item\":\"https:\/\/backbone.pro\/fr\/\"},{\"@type\":\"ListItem\",\"position\":2,\"name\":\"Contact\"}]},{\"@type\":\"WebSite\",\"@id\":\"https:\/\/backbone.pro\/#website\",\"url\":\"https:\/\/backbone.pro\/\",\"name\":\"BACKBONE\",\"description\":\"\",\"publisher\":{\"@id\":\"https:\/\/backbone.pro\/#organization\"},\"potentialAction\":[{\"@type\":\"SearchAction\",\"target\":{\"@type\":\"EntryPoint\",\"urlTemplate\":\"https:\/\/backbone.pro\/?s={search_term_string}\"},\"query-input\":{\"@type\":\"PropertyValueSpecification\",\"valueRequired\":true,\"valueName\":\"search_term_string\"}}],\"inLanguage\":\"fr-FR\"},{\"@type\":\"Organization\",\"@id\":\"https:\/\/backbone.pro\/#organization\",\"name\":\"BACKBONE\",\"url\":\"https:\/\/backbone.pro\/\",\"logo\":{\"@type\":\"ImageObject\",\"inLanguage\":\"fr-FR\",\"@id\":\"https:\/\/backbone.pro\/#\/schema\/logo\/image\/\",\"url\":\"https:\/\/backbone.pro\/wp-content\/uploads\/2020\/04\/BB_LOGO_ORANGE-01.png\",\"contentUrl\":\"https:\/\/backbone.pro\/wp-content\/uploads\/2020\/04\/BB_LOGO_ORANGE-01.png\",\"width\":300,\"height\":159,\"caption\":\"BACKBONE\"},\"image\":{\"@id\":\"https:\/\/backbone.pro\/#\/schema\/logo\/image\/\"}}]}<\/script>\n<!-- \/ Yoast SEO plugin. -->","yoast_head_json":{"title":"Contact - BACKBONE","robots":{"index":"index","follow":"follow","max-snippet":"max-snippet:-1","max-image-preview":"max-image-preview:large","max-video-preview":"max-video-preview:-1"},"canonical":"https:\/\/backbone.pro\/contact\/","og_locale":"fr_FR","og_type":"article","og_title":"Contact - BACKBONE","og_description":"Contactez nous BACKBONE 81 Boulevard Pierre 1er Le Bouscat 33110 FRANCE contact@backbone.pro","og_url":"https:\/\/backbone.pro\/contact\/","og_site_name":"BACKBONE","article_modified_time":"2023-03-09T10:01:11+00:00","og_image":[{"url":"https:\/\/backbone.pro\/wp-content\/uploads\/2020\/03\/icone-map.png","type":"","width":"","height":""}],"twitter_card":"summary_large_image","twitter_misc":{"Dur\u00e9e de lecture estim\u00e9e":"1 minute"},"schema":{"@context":"https:\/\/schema.org","@graph":[{"@type":"WebPage","@id":"https:\/\/backbone.pro\/contact\/","url":"https:\/\/backbone.pro\/contact\/","name":"Contact - BACKBONE","isPartOf":{"@id":"https:\/\/backbone.pro\/#website"},"primaryImageOfPage":{"@id":"https:\/\/backbone.pro\/contact\/#primaryimage"},"image":{"@id":"https:\/\/backbone.pro\/contact\/#primaryimage"},"thumbnailUrl":"https:\/\/backbone.pro\/wp-content\/uploads\/2020\/03\/icone-map.png","datePublished":"2020-05-26T13:35:44+00:00","dateModified":"2023-03-09T10:01:11+00:00","breadcrumb":{"@id":"https:\/\/backbone.pro\/contact\/#breadcrumb"},"inLanguage":"fr-FR","potentialAction":[{"@type":"ReadAction","target":["https:\/\/backbone.pro\/contact\/"]}]},{"@type":"ImageObject","inLanguage":"fr-FR","@id":"https:\/\/backbone.pro\/contact\/#primaryimage","url":"https:\/\/backbone.pro\/wp-content\/uploads\/2020\/03\/icone-map.png","contentUrl":"https:\/\/backbone.pro\/wp-content\/uploads\/2020\/03\/icone-map.png"},{"@type":"BreadcrumbList","@id":"https:\/\/backbone.pro\/contact\/#breadcrumb","itemListElement":[{"@type":"ListItem","position":1,"name":"Home","item":"https:\/\/backbone.pro\/fr\/"},{"@type":"ListItem","position":2,"name":"Contact"}]},{"@type":"WebSite","@id":"https:\/\/backbone.pro\/#website","url":"https:\/\/backbone.pro\/","name":"BACKBONE","description":"","publisher":{"@id":"https:\/\/backbone.pro\/#organization"},"potentialAction":[{"@type":"SearchAction","target":{"@type":"EntryPoint","urlTemplate":"https:\/\/backbone.pro\/?s={search_term_string}"},"query-input":{"@type":"PropertyValueSpecification","valueRequired":true,"valueName":"search_term_string"}}],"inLanguage":"fr-FR"},{"@type":"Organization","@id":"https:\/\/backbone.pro\/#organization","name":"BACKBONE","url":"https:\/\/backbone.pro\/","logo":{"@type":"ImageObject","inLanguage":"fr-FR","@id":"https:\/\/backbone.pro\/#\/schema\/logo\/image\/","url":"https:\/\/backbone.pro\/wp-content\/uploads\/2020\/04\/BB_LOGO_ORANGE-01.png","contentUrl":"https:\/\/backbone.pro\/wp-content\/uploads\/2020\/04\/BB_LOGO_ORANGE-01.png","width":300,"height":159,"caption":"BACKBONE"},"image":{"@id":"https:\/\/backbone.pro\/#\/schema\/logo\/image\/"}}]}},"_links":{"self":[{"href":"https:\/\/backbone.pro\/fr\/wp-json\/wp\/v2\/pages\/997","targetHints":{"allow":["GET"]}}],"collection":[{"href":"https:\/\/backbone.pro\/fr\/wp-json\/wp\/v2\/pages"}],"about":[{"href":"https:\/\/backbone.pro\/fr\/wp-json\/wp\/v2\/types\/page"}],"author":[{"embeddable":true,"href":"https:\/\/backbone.pro\/fr\/wp-json\/wp\/v2\/users\/1"}],"replies":[{"embeddable":true,"href":"https:\/\/backbone.pro\/fr\/wp-json\/wp\/v2\/comments?post=997"}],"version-history":[{"count":13,"href":"https:\/\/backbone.pro\/fr\/wp-json\/wp\/v2\/pages\/997\/revisions"}],"predecessor-version":[{"id":1401,"href":"https:\/\/backbone.pro\/fr\/wp-json\/wp\/v2\/pages\/997\/revisions\/1401"}],"wp:attachment":[{"href":"https:\/\/backbone.pro\/fr\/wp-json\/wp\/v2\/media?parent=997"}],"curies":[{"name":"wp","href":"https:\/\/api.w.org\/{rel}","templated":true}]}}